{"id":467,"date":"2025-07-31T18:09:54","date_gmt":"2025-07-31T18:09:54","guid":{"rendered":"https:\/\/brannteknikk.net\/?page_id=467"},"modified":"2025-07-31T18:17:03","modified_gmt":"2025-07-31T18:17:03","slug":"kontroll-og-service-av-brannslokkerar","status":"publish","type":"page","link":"https:\/\/brannteknikk.net\/?page_id=467","title":{"rendered":"Kontroll og service av brannsl\u00f8kkerar"},"content":{"rendered":"\n<!-- Side 1: Brannsl\u00f8kkjar-kontroll -->\n<section style=\"padding: 4rem 2rem; background: white; max-width: 800px; margin: auto;\">\n  <h1 style=\"font-size: 2.5rem; font-weight: bold;\">\ud83e\uddef Kontroll av brannsl\u00f8kkjarar<\/h1>\n  <p style=\"font-size: 1.1rem;\">Vi utf\u00f8rer \u00e5rleg kontroll og vedlikehald av brannsl\u00f8kkjarar etter gjeldande forskrifter og standardar (bl.a. NS 3910). Alle verksemder og fellesareal i bustadbygg har krav om slik kontroll, jf. forskrift om brannf\u00f8rebygging \u00a7 5.<\/p>\n  <p style=\"margin-top: 1.5rem; font-size: 1.1rem;\">Kontrollen omfattar trykk, vekt, merking, synleg skade og funksjon. Etter kontrollen f\u00e5r du skriftleg dokumentasjon som kan nyttast overfor forsikring og offentleg myndigheit.<\/p>\n  <img decoding=\"async\" src=\"\/wp-content\/uploads\/2024\/01\/brannslokkar-kontroll.jpg\" alt=\"Illustrasjon av brannsl\u00f8kkjar-kontroll\" style=\"width: 100%; max-width: 600px; margin-top: 2rem;\">\n<\/section>\n","protected":false},"excerpt":{"rendered":"<p>\ud83e\uddef Kontroll av brannsl\u00f8kkjarar Vi utf\u00f8rer \u00e5rleg kontroll og vedlikehald av brannsl\u00f8kkjarar etter gjeldande forskrifter og standardar (bl.a. NS 3910). Alle verksemder og fellesareal i bustadbygg har krav om slik kontroll, jf. forskrift om brannf\u00f8rebygging \u00a7 5. Kontrollen omfattar trykk, vekt, merking, synleg skade og funksjon. Etter kontrollen f\u00e5r du skriftleg dokumentasjon som kan nyttast [&hellip;]<\/p>\n","protected":false},"author":1,"featured_media":0,"parent":0,"menu_order":0,"comment_status":"closed","ping_status":"closed","template":"","meta":{"footnotes":""},"class_list":["post-467","page","type-page","status-publish","hentry"],"_links":{"self":[{"href":"https:\/\/brannteknikk.net\/index.php?rest_route=\/wp\/v2\/pages\/467","targetHints":{"allow":["GET"]}}],"collection":[{"href":"https:\/\/brannteknikk.net\/index.php?rest_route=\/wp\/v2\/pages"}],"about":[{"href":"https:\/\/brannteknikk.net\/index.php?rest_route=\/wp\/v2\/types\/page"}],"author":[{"embeddable":true,"href":"https:\/\/brannteknikk.net\/index.php?rest_route=\/wp\/v2\/users\/1"}],"replies":[{"embeddable":true,"href":"https:\/\/brannteknikk.net\/index.php?rest_route=%2Fwp%2Fv2%2Fcomments&post=467"}],"version-history":[{"count":2,"href":"https:\/\/brannteknikk.net\/index.php?rest_route=\/wp\/v2\/pages\/467\/revisions"}],"predecessor-version":[{"id":471,"href":"https:\/\/brannteknikk.net\/index.php?rest_route=\/wp\/v2\/pages\/467\/revisions\/471"}],"wp:attachment":[{"href":"https:\/\/brannteknikk.net\/index.php?rest_route=%2Fwp%2Fv2%2Fmedia&parent=467"}],"curies":[{"name":"wp","href":"https:\/\/api.w.org\/{rel}","templated":true}]}}